{"id":83,"date":"2026-04-17T18:51:34","date_gmt":"2026-04-17T16:51:34","guid":{"rendered":"https:\/\/rocknrollmuseum.fr\/index.php\/groupes\/"},"modified":"2026-04-17T20:01:26","modified_gmt":"2026-04-17T18:01:26","slug":"artistes","status":"publish","type":"page","link":"https:\/\/rocknrollmuseum.fr\/index.php\/artistes\/","title":{"rendered":"Nos Artistes"},"content":{"rendered":"\n<div class=\"wp-block-group has-global-padding is-layout-constrained wp-container-core-group-is-layout-8320091c wp-block-group-is-layout-constrained\" style=\"padding-top:var(--wp--preset--spacing--40);padding-bottom:var(--wp--preset--spacing--40)\">\n<div class=\"wp-block-group has-global-padding is-layout-constrained wp-container-core-group-is-layout-70ee0189 wp-block-group-is-layout-constrained\">\n<div class=\"wp-block-columns is-layout-flex wp-container-core-columns-is-layout-7e027da3 wp-block-columns-is-layout-flex\">\n<div class=\"wp-block-column is-vertically-aligned-top has-global-padding is-content-justification-left is-layout-constrained wp-container-core-column-is-layout-1703f188 wp-block-column-is-layout-constrained\" style=\"flex-basis:75%\">\n<h2 class=\"wp-block-heading\">Kanab\u00e6<\/h2>\n\n\n\n<p class=\"has-medium-font-size\">Historiquement, Canab\u00e6 est le nom qui fut, \u00e0 l\u2019\u00e9poque gallo-romaine, li\u00e9 au quartier de la presqu\u2019\u00eele de Lyon (alors Lugdunum). Cette presqu\u2019\u00eele entre la Sa\u00f4ne et le Rh\u00f4ne, o\u00f9 culmine encore la Croix Rousse. Dans ses pentes, quartier incontournable des bars musicaux et de la vie nocturne lyonnaise et 2000 ans plus tard, quatre gar\u00e7ons vont se rencontrer et m\u00ealer leurs talents et leurs instruments.<\/p>\n\n\n\n<p class=\"has-medium-font-size\"><strong>Kanab\u00e6<\/strong> c\u2019est l\u2019\u00e9nergie du rock aux accents Lyonnais\u00a0! Le groupe est form\u00e9 par Tof Moissonnier (Chant), Lucas Fraillon (Guitare) et pour le duo rythmique Liam Docherty (Batterie) et Nino Katzbone (Basse) puis son rempla\u00e7ant Boris Thevenoud (Basse).<\/p>\n\n\n\n<p class=\"has-medium-font-size\">Apr\u00e8s 2 ans de travail et d&rsquo;enregistrement dans les pr\u00e9mices du Rock&rsquo;N&rsquo;Roll Museum, le quatuor a sorti, le 8 juillet 2022, leur album\u00a0<em>Grosse Caisse<\/em>, tout en fran\u00e7ais dans le texte\u00a0!<\/p>\n\n\n\n<details class=\"wp-block-details has-small-font-size is-layout-flow wp-container-core-details-is-layout-22223934 wp-block-details-is-layout-flow\"><summary>lire la suite<\/summary>\n<p class=\"has-medium-font-size\">L\u2019album&nbsp;<em><strong>Grosse Caisse<\/strong><\/em>&nbsp;comporte huit titres pour 32 minutes&nbsp;:<\/p>\n\n\n\n<ol class=\"wp-block-list has-small-font-size\">\n<li>Mon amant (3min05)<\/li>\n\n\n\n<li>Paris (3min33)<\/li>\n\n\n\n<li>Grinder (3min54)<\/li>\n\n\n\n<li>Lola (3min18)<\/li>\n\n\n\n<li>Un Truc louche (4min11)<\/li>\n\n\n\n<li>Les fleurs du mal (5min07)<\/li>\n\n\n\n<li>Lugdunum (4min14)<\/li>\n\n\n\n<li>Grosse caisse (5min07)<\/li>\n<\/ol>\n\n\n\n<blockquote class=\"wp-block-quote has-medium-font-size is-layout-flow wp-container-core-quote-is-layout-aef45263 wp-block-quote-is-layout-flow\" style=\"padding-top:var(--wp--preset--spacing--20);padding-bottom:var(--wp--preset--spacing--20)\">\n<p style=\"line-height:1.2\">L\u2019album d\u00e9marre avec&nbsp;<strong><em>Mon amant<\/em><\/strong>, une d\u00e9claration d\u2019amour \u00e0 un inconnu rencontr\u00e9 la veille et devenu amant. Avec&nbsp;<strong><em>Paris<\/em><\/strong>,&nbsp;nous avons droit \u00e0 une visite r\u00e9aliste de la capitale, vue par les yeux des Lyonnais. Puis&nbsp;<strong>Kanab\u00e6<\/strong>&nbsp;nous parle de&nbsp;<strong><em>Grinder<\/em><\/strong>. Le titre fait r\u00e9f\u00e9rence aux broyeurs pour la \u00ab&nbsp;weed&nbsp;\u00bb (la \u00ab&nbsp;beuh&nbsp;\u00bb, verlan d\u2019herbe dans nos contr\u00e9es) qui elle-m\u00eame broient ses utilisateurs \u2026 Je verrais ce titre comme un hymne contre la surconsommation et la fuite face aux sentiments. S\u2019ensuit une chanson d\u2019amour,&nbsp;<strong><em>Lola<\/em><\/strong>, d\u00e9di\u00e9e \u00e0 cet enfant et aux changements induits par son arriv\u00e9e. Vient alors&nbsp;<strong><em>Un truc louche<\/em><\/strong>&nbsp;qui veut nous sortir du moule de la soci\u00e9t\u00e9. Dans le titre&nbsp;<strong><em>Les fleurs du mal<\/em><\/strong><em>,<\/em>&nbsp;est \u00e9voqu\u00e9 l\u2019enfer des drogues sous toutes leurs formes. Nous avons ensuite droit \u00e0 une nouvelle visite, avec&nbsp;<strong><em>Lugdunum<\/em><\/strong>. Cette fois-ci c\u2019est Lyon et ses alentours dont il s\u2019agit dans cette histoire d\u2019amour \u00e0 la ville et son Histoire avec un grand H qui dure depuis plus de 2000 ans. Est aussi \u00e9voqu\u00e9e l\u2019histoire du nom du groupe. Arrive alors la&nbsp;<strong><em>Grosse Caisse<\/em><\/strong>, titre nommant l\u2019album&nbsp;! Litt\u00e9ralement, l\u2019histoire de grosses caisses r\u00e9sultant d\u2019une noyade dans l\u2019alcool\u2026 Et de leurs cons\u00e9quences le lendemain. Le titre \u00e9voque quelques bars lyonnais de la \u2018mythique\u2019 rue Sainte Catherine ancrant, l\u00e0 encore, le groupe dans sa localit\u00e9 de c\u0153ur.<\/p>\n\n\n\n<blockquote class=\"wp-block-quote has-medium-font-size is-layout-flow wp-block-quote-is-layout-flow\" style=\"padding-top:var(--wp--preset--spacing--20);padding-bottom:var(--wp--preset--spacing--20)\">\n<p>Le m\u00e9lange des vapeurs d\u2019un rock tout droit sorti des bas-fonds de Lugdunum qui vient rencontrer les accents chimiques d\u2019une pop de surface, vous fera d\u00e9couvrir&nbsp;<strong>Kanab\u00e6<\/strong>&nbsp;sous un jour de Renouveau du rock Lyonnais.<br><br>Dans ces fameuses pentes de la Croix-Rousse, ces quatre \u00e9nergum\u00e8nes se sont rencontr\u00e9s, ont partag\u00e9 rires et larmes, et ont surtout engendr\u00e9 les pr\u00e9mices d\u2019un son aussi tranchant que dansant, et dont les textes vous feront voyager de bien des mani\u00e8res.<\/p>\n<\/blockquote>\n\n\n\n<p><strong>En r\u00e9sum\u00e9, j\u2019ai beaucoup appr\u00e9ci\u00e9 [&#8230;] et je vous conseille de foncer sur cet album \u00ab\u00a0Made In Lyon\u00a0\u00bb\u00a0!<\/strong><\/p>\n\n\n\n<p class=\"has-text-align-right has-small-font-size\"><em>Extrait de l&rsquo;article \u00ab\u00a0<a href=\"https:\/\/bastringue.fr\/kanabae-grosse-caisse-album\" data-type=\"link\" data-id=\"https:\/\/bastringue.fr\/kanabae-grosse-caisse-album\" target=\"_blank\" rel=\"noreferrer noopener nofollow\">Kanab\u00e6 se prend une Grosse Caisse !<\/a>\u00a0\u00bb \u00e9crit par Olivier pour <a href=\"https:\/\/bastringue.fr\/\">bastringue.fr<\/a><\/em><\/p>\n<\/blockquote>\n<\/details>\n\n\n\n<figure class=\"wp-block-image size-large is-resized\"><img decoding=\"async\" src=\"https:\/\/i0.wp.com\/bastringue.fr\/wp-content\/uploads\/2022\/09\/Groupe1.jpg?ssl=1&amp;fit=5120%2C1762\" alt=\"\" style=\"object-fit:cover;width:900px;height:400px\"\/><\/figure>\n<\/div>\n\n\n\n<div class=\"wp-block-column has-global-padding is-content-justification-right is-layout-constrained wp-container-core-column-is-layout-bb60e948 wp-block-column-is-layout-constrained\" style=\"flex-basis:25%\">\n<h4 class=\"wp-block-heading\">Ecoutez <strong>Kanab\u00e6<\/strong> sur toutes les plateformes de streaming :<\/h4>\n\n\n\n<figure class=\"wp-block-embed is-type-rich is-provider-soundcloud wp-block-embed-soundcloud wp-embed-aspect-4-3 wp-has-aspect-ratio\"><div class=\"wp-block-embed__wrapper\">\n<iframe loading=\"lazy\" title=\"Grosse Caisse by Kanab\u00e6\" width=\"500\" height=\"450\" scrolling=\"no\" frameborder=\"no\" src=\"https:\/\/w.soundcloud.com\/player\/?visual=true&#038;url=https%3A%2F%2Fapi.soundcloud.com%2Fplaylists%2F1730124810&#038;show_artwork=true&#038;maxheight=750&#038;maxwidth=500\"><\/iframe>\n<\/div><\/figure>\n\n\n\n<iframe loading=\"lazy\" title=\"deezer-widget\" src=\"https:\/\/widget.deezer.com\/widget\/auto\/album\/341985657\" width=\"100%\" height=\"300\" frameborder=\"0\" allowtransparency=\"true\" allow=\"encrypted-media; clipboard-write\"><\/iframe>\n\n\n\n<figure class=\"wp-block-embed is-type-rich is-provider-spotify wp-block-embed-spotify wp-embed-aspect-21-9 wp-has-aspect-ratio\"><div class=\"wp-block-embed__wrapper\">\n<iframe title=\"Spotify Embed: Grosse caisse\" style=\"border-radius: 12px\" width=\"100%\" height=\"352\" frameborder=\"0\" allowfullscreen allow=\"autoplay; clipboard-write; encrypted-media; fullscreen; picture-in-picture\" loading=\"lazy\" src=\"https:\/\/open.spotify.com\/embed\/album\/6JynUDcfwhRVCToXOaLoSt?si=qVo-lFknS-aCciXX1nAbzQ&amp;utm_source=oembed\"><\/iframe>\n<\/div><\/figure>\n<\/div>\n<\/div>\n<\/div>\n\n\n\n<div class=\"wp-block-group has-global-padding is-layout-constrained wp-container-core-group-is-layout-70ee0189 wp-block-group-is-layout-constrained\">\n<div class=\"wp-block-columns is-layout-flex wp-container-core-columns-is-layout-7e027da3 wp-block-columns-is-layout-flex\">\n<div class=\"wp-block-column is-vertically-aligned-top has-global-padding is-content-justification-left is-layout-constrained wp-container-core-column-is-layout-1703f188 wp-block-column-is-layout-constrained\" style=\"flex-basis:75%\">\n<h2 class=\"wp-block-heading\">Violette Cloud<\/h2>\n\n\n\n<p class=\"has-medium-font-size\">Violette Cloud est un groupe de reprise de blues-rock originaire de Metz. <\/p>\n\n\n\n<p class=\"has-medium-font-size\">Leur force, c\u2019est la fougue de la jeunesse m\u00e9l\u00e9e \u00e0 la puissance du rock \u00e0 11 ! Le groupe est compos\u00e9 de  Solal (Chant &amp; Harmonica), Luca (Guitare), Adam (Batterie) et Adonis (Basse).<\/p>\n\n\n\n<p class=\"has-medium-font-size\">Violette Cloud s&rsquo;est produit dans de nombreux bars et llors de divers \u00e9v\u00e9nements \u00e0 Metz depuis 2023,\u00a0puis est pass\u00e9 entre le mains du Rock&rsquo;N&rsquo;Roll Museum le 13 juillet 2025 pour une captation \u00ab\u00a0live\u00a0\u00bb<\/p>\n\n\n\n<details class=\"wp-block-details has-small-font-size is-layout-flow wp-container-core-details-is-layout-22223934 wp-block-details-is-layout-flow\"><summary>lire la suite<\/summary>\n<p class=\"has-medium-font-size\">L\u2019album&nbsp;<em><strong>Grosse Caisse<\/strong><\/em>&nbsp;comporte huit titres pour 32 minutes&nbsp;:<\/p>\n\n\n\n<ol class=\"wp-block-list has-small-font-size\">\n<li>Mon amant (3min05)<\/li>\n\n\n\n<li>Paris (3min33)<\/li>\n\n\n\n<li>Grinder (3min54)<\/li>\n\n\n\n<li>Lola (3min18)<\/li>\n\n\n\n<li>Un Truc louche (4min11)<\/li>\n\n\n\n<li>Les fleurs du mal (5min07)<\/li>\n\n\n\n<li>Lugdunum (4min14)<\/li>\n\n\n\n<li>Grosse caisse (5min07)<\/li>\n<\/ol>\n\n\n\n<blockquote class=\"wp-block-quote has-medium-font-size is-layout-flow wp-container-core-quote-is-layout-aef45263 wp-block-quote-is-layout-flow\" style=\"padding-top:var(--wp--preset--spacing--20);padding-bottom:var(--wp--preset--spacing--20)\">\n<p style=\"line-height:1.2\">L\u2019album d\u00e9marre avec&nbsp;<strong><em>Mon amant<\/em><\/strong>, une d\u00e9claration d\u2019amour \u00e0 un inconnu rencontr\u00e9 la veille et devenu amant. Avec&nbsp;<strong><em>Paris<\/em><\/strong>,&nbsp;nous avons droit \u00e0 une visite r\u00e9aliste de la capitale, vue par les yeux des Lyonnais. Puis&nbsp;<strong>Kanab\u00e6<\/strong>&nbsp;nous parle de&nbsp;<strong><em>Grinder<\/em><\/strong>. Le titre fait r\u00e9f\u00e9rence aux broyeurs pour la \u00ab&nbsp;weed&nbsp;\u00bb (la \u00ab&nbsp;beuh&nbsp;\u00bb, verlan d\u2019herbe dans nos contr\u00e9es) qui elle-m\u00eame broient ses utilisateurs \u2026 Je verrais ce titre comme un hymne contre la surconsommation et la fuite face aux sentiments. S\u2019ensuit une chanson d\u2019amour,&nbsp;<strong><em>Lola<\/em><\/strong>, d\u00e9di\u00e9e \u00e0 cet enfant et aux changements induits par son arriv\u00e9e. Vient alors&nbsp;<strong><em>Un truc louche<\/em><\/strong>&nbsp;qui veut nous sortir du moule de la soci\u00e9t\u00e9. Dans le titre&nbsp;<strong><em>Les fleurs du mal<\/em><\/strong><em>,<\/em>&nbsp;est \u00e9voqu\u00e9 l\u2019enfer des drogues sous toutes leurs formes. Nous avons ensuite droit \u00e0 une nouvelle visite, avec&nbsp;<strong><em>Lugdunum<\/em><\/strong>. Cette fois-ci c\u2019est Lyon et ses alentours dont il s\u2019agit dans cette histoire d\u2019amour \u00e0 la ville et son Histoire avec un grand H qui dure depuis plus de 2000 ans. Est aussi \u00e9voqu\u00e9e l\u2019histoire du nom du groupe. Arrive alors la&nbsp;<strong><em>Grosse Caisse<\/em><\/strong>, titre nommant l\u2019album&nbsp;! Litt\u00e9ralement, l\u2019histoire de grosses caisses r\u00e9sultant d\u2019une noyade dans l\u2019alcool\u2026 Et de leurs cons\u00e9quences le lendemain. Le titre \u00e9voque quelques bars lyonnais de la \u2018mythique\u2019 rue Sainte Catherine ancrant, l\u00e0 encore, le groupe dans sa localit\u00e9 de c\u0153ur.<\/p>\n\n\n\n<blockquote class=\"wp-block-quote has-medium-font-size is-layout-flow wp-block-quote-is-layout-flow\" style=\"padding-top:var(--wp--preset--spacing--20);padding-bottom:var(--wp--preset--spacing--20)\">\n<p>Le m\u00e9lange des vapeurs d\u2019un rock tout droit sorti des bas-fonds de Lugdunum qui vient rencontrer les accents chimiques d\u2019une pop de surface, vous fera d\u00e9couvrir&nbsp;<strong>Kanab\u00e6<\/strong>&nbsp;sous un jour de Renouveau du rock Lyonnais.<br><br>Dans ces fameuses pentes de la Croix-Rousse, ces quatre \u00e9nergum\u00e8nes se sont rencontr\u00e9s, ont partag\u00e9 rires et larmes, et ont surtout engendr\u00e9 les pr\u00e9mices d\u2019un son aussi tranchant que dansant, et dont les textes vous feront voyager de bien des mani\u00e8res.<\/p>\n<\/blockquote>\n\n\n\n<p><strong>En r\u00e9sum\u00e9, j\u2019ai beaucoup appr\u00e9ci\u00e9 [&#8230;] et je vous conseille de foncer sur cet album \u00ab\u00a0Made In Lyon\u00a0\u00bb\u00a0!<\/strong><\/p>\n\n\n\n<p class=\"has-text-align-right has-small-font-size\"><em>Extrait de l&rsquo;article \u00ab\u00a0<a href=\"https:\/\/bastringue.fr\/kanabae-grosse-caisse-album\" data-type=\"link\" data-id=\"https:\/\/bastringue.fr\/kanabae-grosse-caisse-album\" target=\"_blank\" rel=\"noreferrer noopener nofollow\">Kanab\u00e6 se prend une Grosse Caisse !<\/a>\u00a0\u00bb \u00e9crit par Olivier pour <a href=\"https:\/\/bastringue.fr\/\">bastringue.fr<\/a><\/em><\/p>\n<\/blockquote>\n<\/details>\n<\/div>\n\n\n\n<div class=\"wp-block-column has-global-padding is-content-justification-right is-layout-constrained wp-container-core-column-is-layout-bb60e948 wp-block-column-is-layout-constrained\" style=\"flex-basis:25%\">\n<h4 class=\"wp-block-heading\">Ecoutez <strong>Violette Cloud<\/strong> sur toutes les plateformes de streaming :<\/h4>\n\n\n\n<figure class=\"wp-block-embed is-type-rich is-provider-soundcloud wp-block-embed-soundcloud wp-embed-aspect-4-3 wp-has-aspect-ratio\"><div class=\"wp-block-embed__wrapper\">\n<iframe loading=\"lazy\" title=\"Grosse Caisse by Kanab\u00e6\" width=\"500\" height=\"450\" scrolling=\"no\" frameborder=\"no\" src=\"https:\/\/w.soundcloud.com\/player\/?visual=true&#038;url=https%3A%2F%2Fapi.soundcloud.com%2Fplaylists%2F1730124810&#038;show_artwork=true&#038;maxheight=750&#038;maxwidth=500\"><\/iframe>\n<\/div><\/figure>\n\n\n\n<iframe loading=\"lazy\" title=\"deezer-widget\" src=\"https:\/\/widget.deezer.com\/widget\/auto\/album\/341985657\" width=\"100%\" height=\"300\" frameborder=\"0\" allowtransparency=\"true\" allow=\"encrypted-media; clipboard-write\"><\/iframe>\n\n\n\n<figure class=\"wp-block-embed is-type-rich is-provider-spotify wp-block-embed-spotify wp-embed-aspect-21-9 wp-has-aspect-ratio\"><div class=\"wp-block-embed__wrapper\">\n<iframe title=\"Spotify Embed: Grosse caisse\" style=\"border-radius: 12px\" width=\"100%\" height=\"352\" frameborder=\"0\" allowfullscreen allow=\"autoplay; clipboard-write; encrypted-media; fullscreen; picture-in-picture\" loading=\"lazy\" src=\"https:\/\/open.spotify.com\/embed\/album\/6JynUDcfwhRVCToXOaLoSt?si=qVo-lFknS-aCciXX1nAbzQ&amp;utm_source=oembed\"><\/iframe>\n<\/div><\/figure>\n<\/div>\n<\/div>\n<\/div>\n<\/div>\n","protected":false},"excerpt":{"rendered":"<p>Kanab\u00e6 Historiquement, Canab\u00e6 est le nom qui fut, \u00e0 l\u2019\u00e9poque gallo-romaine, li\u00e9 au quartier de la presqu\u2019\u00eele de Lyon (alors Lugdunum). Cette presqu\u2019\u00eele entre la Sa\u00f4ne et le Rh\u00f4ne, o\u00f9 culmine encore la Croix Rousse. Dans ses pentes, quartier incontournable des bars musicaux et de la vie nocturne lyonnaise et 2000 ans plus tard, quatre [&hellip;]<\/p>\n","protected":false},"author":1,"featured_media":0,"parent":0,"menu_order":0,"comment_status":"closed","ping_status":"closed","template":"","meta":{"footnotes":""},"class_list":["post-83","page","type-page","status-publish","hentry"],"_links":{"self":[{"href":"https:\/\/rocknrollmuseum.fr\/index.php\/wp-json\/wp\/v2\/pages\/83","targetHints":{"allow":["GET"]}}],"collection":[{"href":"https:\/\/rocknrollmuseum.fr\/index.php\/wp-json\/wp\/v2\/pages"}],"about":[{"href":"https:\/\/rocknrollmuseum.fr\/index.php\/wp-json\/wp\/v2\/types\/page"}],"author":[{"embeddable":true,"href":"https:\/\/rocknrollmuseum.fr\/index.php\/wp-json\/wp\/v2\/users\/1"}],"replies":[{"embeddable":true,"href":"https:\/\/rocknrollmuseum.fr\/index.php\/wp-json\/wp\/v2\/comments?post=83"}],"version-history":[{"count":26,"href":"https:\/\/rocknrollmuseum.fr\/index.php\/wp-json\/wp\/v2\/pages\/83\/revisions"}],"predecessor-version":[{"id":110,"href":"https:\/\/rocknrollmuseum.fr\/index.php\/wp-json\/wp\/v2\/pages\/83\/revisions\/110"}],"wp:attachment":[{"href":"https:\/\/rocknrollmuseum.fr\/index.php\/wp-json\/wp\/v2\/media?parent=83"}],"curies":[{"name":"wp","href":"https:\/\/api.w.org\/{rel}","templated":true}]}}